{"id":2884,"date":"2021-04-12T10:39:00","date_gmt":"2021-04-12T10:39:00","guid":{"rendered":"http:\/\/localhost\/tariq\/sktthemes\/?page_id=15"},"modified":"2025-10-14T21:28:41","modified_gmt":"2025-10-14T19:28:41","slug":"about","status":"publish","type":"page","link":"https:\/\/www.sportteamvallagarina.it\/index.php\/about\/","title":{"rendered":"About"},"content":{"rendered":"\t\t<div data-elementor-type=\"wp-page\" data-elementor-id=\"2884\" class=\"elementor elementor-2884\">\n\t\t\t\t\t\t<section class=\"elementor-section elementor-top-section elementor-element elementor-element-f7fd876 elementor-section-boxed elementor-section-height-default elementor-section-height-default\" data-id=\"f7fd876\" data-element_type=\"section\" data-e-type=\"section\">\n\t\t\t\t\t\t<div class=\"elementor-container elementor-column-gap-default\">\n\t\t\t\t\t<div class=\"elementor-column elementor-col-100 elementor-top-column elementor-element elementor-element-6ba2a78\" data-id=\"6ba2a78\" data-element_type=\"column\" data-e-type=\"column\">\n\t\t\t<div class=\"elementor-widget-wrap elementor-element-populated\">\n\t\t\t\t\t\t<section class=\"elementor-section elementor-inner-section elementor-element elementor-element-2b3b8f9 elementor-section-boxed elementor-section-height-default elementor-section-height-default\" data-id=\"2b3b8f9\" data-element_type=\"section\" data-e-type=\"section\">\n\t\t\t\t\t\t<div class=\"elementor-container elementor-column-gap-default\">\n\t\t\t\t\t<div class=\"elementor-column elementor-col-50 elementor-inner-column elementor-element elementor-element-d202f8e\" data-id=\"d202f8e\" data-element_type=\"column\" data-e-type=\"column\">\n\t\t\t<div class=\"elementor-widget-wrap elementor-element-populated\">\n\t\t\t\t\t\t<div class=\"elementor-element elementor-element-76bbdd1 elementor-widget elementor-widget-image\" data-id=\"76bbdd1\" data-element_type=\"widget\" data-e-type=\"widget\" data-widget_type=\"image.default\">\n\t\t\t\t<div class=\"elementor-widget-container\">\n\t\t\t\t\t\t\t\t\t\t\t\t\t\t\t<img fetchpriority=\"high\" decoding=\"async\" width=\"685\" height=\"619\" src=\"https:\/\/www.sportteamvallagarina.it\/wp-content\/uploads\/2023\/04\/about-1.png\" class=\"attachment-full size-full wp-image-2975\" alt=\"\" srcset=\"https:\/\/www.sportteamvallagarina.it\/wp-content\/uploads\/2023\/04\/about-1.png 685w, https:\/\/www.sportteamvallagarina.it\/wp-content\/uploads\/2023\/04\/about-1-300x271.png 300w\" sizes=\"(max-width: 685px) 100vw, 685px\" \/>\t\t\t\t\t\t\t\t\t\t\t\t\t\t\t<\/div>\n\t\t\t\t<\/div>\n\t\t\t\t\t<\/div>\n\t\t<\/div>\n\t\t\t\t<div class=\"elementor-column elementor-col-50 elementor-inner-column elementor-element elementor-element-236e1f0\" data-id=\"236e1f0\" data-element_type=\"column\" data-e-type=\"column\">\n\t\t\t<div class=\"elementor-widget-wrap elementor-element-populated\">\n\t\t\t\t\t\t<div class=\"elementor-element elementor-element-f57dc4c elementor-widget elementor-widget-heading\" data-id=\"f57dc4c\" data-element_type=\"widget\" data-e-type=\"widget\" data-widget_type=\"heading.default\">\n\t\t\t\t<div class=\"elementor-widget-container\">\n\t\t\t\t\t<h2 class=\"elementor-heading-title elementor-size-default\">Chi siamo<\/h2>\t\t\t\t<\/div>\n\t\t\t\t<\/div>\n\t\t\t\t<div class=\"elementor-element elementor-element-78246c7 elementor-widget elementor-widget-text-editor\" data-id=\"78246c7\" data-element_type=\"widget\" data-e-type=\"widget\" data-widget_type=\"text-editor.default\">\n\t\t\t\t<div class=\"elementor-widget-container\">\n\t\t\t\t\t\t\t\t\t<p style=\"text-align: justify;\">Il Gruppo sportivo Sport Team Vallagarina nasce nel mese di gennaio del 2008, grazie all&#8217;impegno ed all&#8217;entusiasmo di alcune persone disabili e normodotate, al fine di promuovere ed organizzare eventi sportivi ed attivit\u00e0 per persone diversamente abili.<\/p><p style=\"text-align: justify;\">\u00c8 un&#8217;associazione che oltre allo sport persegue obiettivi di solidariet\u00e0 e di reinserimento dei disabili per un diritto ad una vita piena e ricca di soddisfazioni. Possono farne parte tutte le persone che vogliono trovare uno strumento importante per mantenersi in forma fisicamente ed intellettualmente, il tutto in luoghi di socializzazione nei quali trascorrere parte del loro tempo libero, conoscendo nuovi amici ed assieme individuare anche dei nuovi obiettivi.<\/p><p style=\"text-align: justify;\">Noi siamo convinti, grazie allo sport ed all&#8217;amicizia, di poter far nascere anche in Vallagarina non solo un gruppo sportivo, ma un movimento di persone disabili che con entusiasmo vogliono trascorrere assieme delle ore serene dimenticando l&#8217;aspetto della disabilit\u00e0.<\/p>\t\t\t\t\t\t\t\t<\/div>\n\t\t\t\t<\/div>\n\t\t\t\t<div class=\"elementor-element elementor-element-8324349 elementor-widget elementor-widget-image\" data-id=\"8324349\" data-element_type=\"widget\" data-e-type=\"widget\" data-widget_type=\"image.default\">\n\t\t\t\t<div class=\"elementor-widget-container\">\n\t\t\t\t\t\t\t\t\t\t\t\t\t\t\t\t<a href=\"https:\/\/www.metalsistem.com\/fondazione\/?lang=it\" target=\"_blank\">\n\t\t\t\t\t\t\t<img decoding=\"async\" width=\"205\" height=\"300\" src=\"https:\/\/www.sportteamvallagarina.it\/wp-content\/uploads\/2025\/09\/Logo-Fondazione-205x300.png\" class=\"attachment-medium size-medium wp-image-3816\" alt=\"\" srcset=\"https:\/\/www.sportteamvallagarina.it\/wp-content\/uploads\/2025\/09\/Logo-Fondazione-205x300.png 205w, https:\/\/www.sportteamvallagarina.it\/wp-content\/uploads\/2025\/09\/Logo-Fondazione-701x1024.png 701w, https:\/\/www.sportteamvallagarina.it\/wp-content\/uploads\/2025\/09\/Logo-Fondazione-768x1122.png 768w, https:\/\/www.sportteamvallagarina.it\/wp-content\/uploads\/2025\/09\/Logo-Fondazione.png 922w\" sizes=\"(max-width: 205px) 100vw, 205px\" \/>\t\t\t\t\t\t\t\t<\/a>\n\t\t\t\t\t\t\t\t\t\t\t\t\t\t\t<\/div>\n\t\t\t\t<\/div>\n\t\t\t\t\t<\/div>\n\t\t<\/div>\n\t\t\t\t\t<\/div>\n\t\t<\/section>\n\t\t\t\t\t<\/div>\n\t\t<\/div>\n\t\t\t\t\t<\/div>\n\t\t<\/section>\n\t\t\t\t<\/div>\n\t\t","protected":false},"excerpt":{"rendered":"<p>Chi siamo Il Gruppo sportivo Sport Team Vallagarina nasce nel mese di gennaio del 2008, grazie all&#8217;impegno ed all&#8217;entusiasmo di alcune persone disabili e normodotate, al fine di promuovere ed organizzare eventi sportivi ed attivit\u00e0 per persone diversamente abili. \u00c8 un&#8217;associazione che oltre allo sport persegue obiettivi di solidariet\u00e0 e di reinserimento dei disabili per<br \/><a class=\"moretag\" href=\"https:\/\/www.sportteamvallagarina.it\/index.php\/about\/\">+ Read More<\/a><\/p>\n","protected":false},"author":1,"featured_media":0,"parent":0,"menu_order":0,"comment_status":"closed","ping_status":"closed","template":"templates\/page-builder.php","meta":{"_monsterinsights_skip_tracking":false,"_monsterinsights_sitenote_active":false,"_monsterinsights_sitenote_note":"","_monsterinsights_sitenote_category":0,"footnotes":""},"class_list":["post-2884","page","type-page","status-publish","hentry"],"_links":{"self":[{"href":"https:\/\/www.sportteamvallagarina.it\/index.php\/wp-json\/wp\/v2\/pages\/2884","targetHints":{"allow":["GET"]}}],"collection":[{"href":"https:\/\/www.sportteamvallagarina.it\/index.php\/wp-json\/wp\/v2\/pages"}],"about":[{"href":"https:\/\/www.sportteamvallagarina.it\/index.php\/wp-json\/wp\/v2\/types\/page"}],"author":[{"embeddable":true,"href":"https:\/\/www.sportteamvallagarina.it\/index.php\/wp-json\/wp\/v2\/users\/1"}],"replies":[{"embeddable":true,"href":"https:\/\/www.sportteamvallagarina.it\/index.php\/wp-json\/wp\/v2\/comments?post=2884"}],"version-history":[{"count":27,"href":"https:\/\/www.sportteamvallagarina.it\/index.php\/wp-json\/wp\/v2\/pages\/2884\/revisions"}],"predecessor-version":[{"id":3860,"href":"https:\/\/www.sportteamvallagarina.it\/index.php\/wp-json\/wp\/v2\/pages\/2884\/revisions\/3860"}],"wp:attachment":[{"href":"https:\/\/www.sportteamvallagarina.it\/index.php\/wp-json\/wp\/v2\/media?parent=2884"}],"curies":[{"name":"wp","href":"https:\/\/api.w.org\/{rel}","templated":true}]}}